{"id":2651,"date":"2015-02-03T20:15:53","date_gmt":"2015-02-03T20:15:53","guid":{"rendered":"http:\/\/mastral.dinaninformatica.es\/noticias\/"},"modified":"2020-03-03T11:31:29","modified_gmt":"2020-03-03T11:31:29","slug":"noticias","status":"publish","type":"page","link":"https:\/\/mastral.com\/fr\/noticias\/","title":{"rendered":"News"},"content":{"rendered":"<div class=\"fusion-fullwidth fullwidth-box fusion-builder-row-1 nonhundred-percent-fullwidth non-hundred-percent-height-scrolling\" style=\"background-color: rgba(255,255,255,0);background-position: left top;background-repeat: no-repeat;padding-top:20px;padding-right:0px;padding-bottom:95px;padding-left:0px;margin-bottom: 0px;margin-top: 0px;border-width: 0px 0px 0px 0px;border-color:#eae9e9;border-style:solid;\" ><div class=\"fusion-builder-row fusion-row\"><div class=\"fusion-layout-column fusion_builder_column fusion-builder-column-0 fusion_builder_column_1_1 1_1 fusion-one-full fusion-column-first fusion-column-last fusion-column-no-min-height\" style=\"margin-top:0px;margin-bottom:0px;\"><div class=\"fusion-column-wrapper fusion-flex-column-wrapper-legacy\" style=\"background-position:left top;background-repeat:no-repeat;-webkit-background-size:cover;-moz-background-size:cover;-o-background-size:cover;background-size:cover;padding: 0px 0px 0px 0px;\"><div class=\"fusion-blog-shortcode fusion-blog-shortcode-1 fusion-blog-archive fusion-blog-layout-grid-wrapper fusion-blog-infinite\"><style type=\"text\/css\">.fusion-blog-shortcode-1 .fusion-blog-layout-grid .fusion-post-grid{padding:20px;}.fusion-blog-shortcode-1 .fusion-posts-container{margin-left: -20px !important; margin-right:-20px !important;}<\/style><div class=\"fusion-posts-container fusion-posts-container-infinite fusion-posts-container-load-more fusion-no-meta-info fusion-blog-rollover fusion-blog-layout-grid fusion-blog-layout-grid-3 isotope\" data-pages=\"1\" data-grid-col-space=\"40\" style=\"margin: -20px -20px 0;min-height:500px;\"><article id=\"blog-1-post-2622\" class=\"fusion-post-grid post-2622 post type-post status-publish format-standard has-post-thumbnail hentry category-news-fr\">\n<div class=\"fusion-post-wrapper\" style=\"background-color:rgba(255,255,255,0);border:1px solid #ebeaea;border-bottom-width:3px;\">\n\n\t\t\t<div class=\"fusion-flexslider flexslider fusion-flexslider-loading fusion-post-slideshow\" style=\"border-color:#ebeaea;\">\n\t\t<ul class=\"slides\">\n\t\t\t\n\t\t\t\t\t\t\t\t\t\t\t\t\t\t<li>\n\n<div  class=\"fusion-image-wrapper\" aria-haspopup=\"true\">\n\t\n\t\n\t\n\t\t\n\t\t\t\t\t<img width=\"472\" height=\"640\" src=\"https:\/\/mastral.com\/wp-content\/uploads\/2020\/02\/carnaval-de-tarifa-2020-tarifa.jpg\" class=\"attachment-full size-full wp-post-image\" alt=\"\" srcset=\"https:\/\/mastral.com\/wp-content\/uploads\/2020\/02\/carnaval-de-tarifa-2020-tarifa-200x271.jpg 200w, https:\/\/mastral.com\/wp-content\/uploads\/2020\/02\/carnaval-de-tarifa-2020-tarifa-400x542.jpg 400w, https:\/\/mastral.com\/wp-content\/uploads\/2020\/02\/carnaval-de-tarifa-2020-tarifa.jpg 472w\" sizes=\"(min-width: 2200px) 100vw, (min-width: 1129px) 363px, (min-width: 1037px) 545px, (min-width: 945px) 1037px, \" \/>\n\t\n\n\t\t<div class=\"fusion-rollover\">\n\t<div class=\"fusion-rollover-content\">\n\n\t\t\t\t\t\t\t\t\t\t\n\t\t\t\t\t\t\t\t\t\t\t\t\t\t\n\t\t\t\t\t\t\t\t\n\t\t\t\t\t\t\t\t\n\t\t\t\t\t\t\t\t\t\t\t\t\t\t\t\t\t\t<a class=\"fusion-rollover-gallery\" href=\"https:\/\/mastral.com\/wp-content\/uploads\/2020\/02\/carnaval-de-tarifa-2020-tarifa.jpg\" data-id=\"2622\" data-rel=\"iLightbox[gallery]\" data-title=\"carnaval-de-tarifa-2020-tarifa\" data-caption=\"\">\n\t\t\t\t\t\tGallery\t\t\t\t\t<\/a>\n\t\t\t\t\t\t\t\t\t\t\t\t\t\t\n\t\t\t\t\n\t\t\t\t\t\t\t\t\n\t\t\t\t\t\t\t\t\n\t\t\n\t\t\t\t<a class=\"fusion-link-wrapper\" href=\"https:\/\/mastral.com\/fr\/carnaval-de-tarifa\/\" aria-label=\"Carnaval de Tarifa\"><\/a>\n\t<\/div>\n<\/div>\n\n\t\n<\/div>\n<\/li>\n\t\t\t\n\t\t\t\n\t\t\t\t\t\t\t\t\t\t\t\t\t\t\t\t\t\t\t\t\t\t\t\t\t\t\t\t\t\t\t\t\t\t\t\t\t\t\t\t\t\t\t\t\t\t\t\t\t\t\t\t\t\t\t\t\t\t\t\t\t\t\t\t\t\t\t\t<\/ul>\n\t<\/div>\n\t<div class=\"fusion-post-content-wrapper\" style=\"padding:30px 25px 20px 25px;\"><div class=\"fusion-post-content post-content\"><h2 class=\"blog-shortcode-post-title entry-title\"><a href=\"https:\/\/mastral.com\/fr\/carnaval-de-tarifa\/\">Carnaval de Tarifa<\/a><\/h2><div class=\"fusion-post-content-container\"><p>Le guichet du th\u00e9\u00e2tre Alameda ouvrira t\u00f4t mercredi prochain. De neuf heures du matin \u00e0 deux heures de [...]<\/p><\/div><\/div><\/div><div class=\"fusion-clearfix\"><\/div><\/div>\n<\/article>\n<article id=\"blog-1-post-2683\" class=\"fusion-post-grid post-2683 post type-post status-publish format-standard has-post-thumbnail hentry category-informations\">\n<div class=\"fusion-post-wrapper\" style=\"background-color:rgba(255,255,255,0);border:1px solid #ebeaea;border-bottom-width:3px;\">\n\n\t\t\t<div class=\"fusion-flexslider flexslider fusion-flexslider-loading fusion-post-slideshow\" style=\"border-color:#ebeaea;\">\n\t\t<ul class=\"slides\">\n\t\t\t\n\t\t\t\t\t\t\t\t\t\t\t\t\t\t<li>\n\n<div  class=\"fusion-image-wrapper\" aria-haspopup=\"true\">\n\t\n\t\n\t\n\t\t\n\t\t\t\t\t<img width=\"654\" height=\"323\" src=\"https:\/\/mastral.com\/wp-content\/uploads\/2020\/01\/atun-rojo.jpg\" class=\"attachment-full size-full wp-post-image\" alt=\"\" srcset=\"https:\/\/mastral.com\/wp-content\/uploads\/2020\/01\/atun-rojo-200x99.jpg 200w, https:\/\/mastral.com\/wp-content\/uploads\/2020\/01\/atun-rojo-400x198.jpg 400w, https:\/\/mastral.com\/wp-content\/uploads\/2020\/01\/atun-rojo-600x296.jpg 600w, https:\/\/mastral.com\/wp-content\/uploads\/2020\/01\/atun-rojo.jpg 654w\" sizes=\"(min-width: 2200px) 100vw, (min-width: 1129px) 363px, (min-width: 1037px) 545px, (min-width: 945px) 1037px, \" \/>\n\t\n\n\t\t<div class=\"fusion-rollover\">\n\t<div class=\"fusion-rollover-content\">\n\n\t\t\t\t\t\t\t\t\t\t\n\t\t\t\t\t\t\t\t\t\t\t\t\t\t\n\t\t\t\t\t\t\t\t\n\t\t\t\t\t\t\t\t\n\t\t\t\t\t\t\t\t\t\t\t\t\t\t\t\t\t\t<a class=\"fusion-rollover-gallery\" href=\"https:\/\/mastral.com\/wp-content\/uploads\/2020\/01\/atun-rojo.jpg\" data-id=\"2683\" data-rel=\"iLightbox[gallery]\" data-title=\"atun rojo\" data-caption=\"\">\n\t\t\t\t\t\tGallery\t\t\t\t\t<\/a>\n\t\t\t\t\t\t\t\t\t\t\t\t\t\t\n\t\t\t\t\n\t\t\t\t\t\t\t\t\n\t\t\t\t\t\t\t\t\n\t\t\n\t\t\t\t<a class=\"fusion-link-wrapper\" href=\"https:\/\/mastral.com\/fr\/tarifas-red-tuna-protagonist-at-fitur\/\" aria-label=\"Le thon rouge de Tarifa, protagoniste de Fitur\"><\/a>\n\t<\/div>\n<\/div>\n\n\t\n<\/div>\n<\/li>\n\t\t\t\n\t\t\t\n\t\t\t\t\t\t\t\t\t\t\t\t\t\t\t\t\t\t\t\t\t\t\t\t\t\t\t\t\t\t\t\t\t\t\t\t\t\t\t\t\t\t\t\t\t\t\t\t\t\t\t\t\t\t\t\t\t\t\t\t\t\t\t\t\t\t\t\t<\/ul>\n\t<\/div>\n\t<div class=\"fusion-post-content-wrapper\" style=\"padding:30px 25px 20px 25px;\"><div class=\"fusion-post-content post-content\"><h2 class=\"blog-shortcode-post-title entry-title\"><a href=\"https:\/\/mastral.com\/fr\/tarifas-red-tuna-protagonist-at-fitur\/\">Le thon rouge de Tarifa, protagoniste de Fitur<\/a><\/h2><div class=\"fusion-post-content-container\"><p>En janvier prochain, le Salon international du tourisme (FITUR) 2020 aura lieu \u00e0 Madrid, et Tarifa, comme chaque [...]<\/p><\/div><\/div><\/div><div class=\"fusion-clearfix\"><\/div><\/div>\n<\/article>\n<div class=\"fusion-clearfix\"><\/div><\/div><\/div><div class=\"fusion-clearfix\"><\/div><\/div><\/div><\/div><\/div>\n","protected":false},"excerpt":{"rendered":"","protected":false},"author":1,"featured_media":0,"parent":0,"menu_order":0,"comment_status":"open","ping_status":"open","template":"100-width.php","meta":[],"yoast_head":"<!-- This site is optimized with the Yoast SEO plugin v16.1.1 - https:\/\/yoast.com\/wordpress\/plugins\/seo\/ -->\n<title>News | Molino El Mastral | Casa Rural en Tarifa<\/title>\n<link rel=\"canonical\" href=\"https:\/\/mastral.com\/fr\/noticias\/\" \/>\n<meta property=\"og:locale\" content=\"fr_FR\" \/>\n<meta property=\"og:type\" content=\"article\" \/>\n<meta property=\"og:title\" content=\"News | Molino El Mastral | Casa Rural en Tarifa\" \/>\n<meta property=\"og:url\" content=\"https:\/\/mastral.com\/fr\/noticias\/\" \/>\n<meta property=\"og:site_name\" content=\"Molino El Mastral | Casa Rural en Tarifa\" \/>\n<meta property=\"article:modified_time\" content=\"2020-03-03T11:31:29+00:00\" \/>\n<meta name=\"twitter:card\" content=\"summary_large_image\" \/>\n<meta name=\"twitter:label1\" content=\"Dur\u00e9e de lecture est.\">\n\t<meta name=\"twitter:data1\" content=\"1 minute\">\n<script type=\"application\/ld+json\" class=\"yoast-schema-graph\">{\"@context\":\"https:\/\/schema.org\",\"@graph\":[{\"@type\":\"Organization\",\"@id\":\"https:\/\/mastral.com\/#organization\",\"name\":\"Molino el Mastral\",\"url\":\"https:\/\/mastral.com\/\",\"sameAs\":[\"https:\/\/www.instagram.com\/molinoelmastral5\/\"],\"logo\":{\"@type\":\"ImageObject\",\"@id\":\"https:\/\/mastral.com\/#logo\",\"inLanguage\":\"fr-FR\",\"url\":\"https:\/\/mastral.com\/wp-content\/uploads\/2019\/12\/logox2.png\",\"contentUrl\":\"https:\/\/mastral.com\/wp-content\/uploads\/2019\/12\/logox2.png\",\"width\":398,\"height\":238,\"caption\":\"Molino el Mastral\"},\"image\":{\"@id\":\"https:\/\/mastral.com\/#logo\"}},{\"@type\":\"WebSite\",\"@id\":\"https:\/\/mastral.com\/#website\",\"url\":\"https:\/\/mastral.com\/\",\"name\":\"Molino El Mastral | Casa Rural en Tarifa\",\"description\":\"Casa Rural en Tarifa\",\"publisher\":{\"@id\":\"https:\/\/mastral.com\/#organization\"},\"potentialAction\":[{\"@type\":\"SearchAction\",\"target\":\"https:\/\/mastral.com\/?s={search_term_string}\",\"query-input\":\"required name=search_term_string\"}],\"inLanguage\":\"fr-FR\"},{\"@type\":\"WebPage\",\"@id\":\"https:\/\/mastral.com\/fr\/noticias\/#webpage\",\"url\":\"https:\/\/mastral.com\/fr\/noticias\/\",\"name\":\"News | Molino El Mastral | Casa Rural en Tarifa\",\"isPartOf\":{\"@id\":\"https:\/\/mastral.com\/#website\"},\"datePublished\":\"2015-02-03T20:15:53+00:00\",\"dateModified\":\"2020-03-03T11:31:29+00:00\",\"breadcrumb\":{\"@id\":\"https:\/\/mastral.com\/fr\/noticias\/#breadcrumb\"},\"inLanguage\":\"fr-FR\",\"potentialAction\":[{\"@type\":\"ReadAction\",\"target\":[\"https:\/\/mastral.com\/fr\/noticias\/\"]}]},{\"@type\":\"BreadcrumbList\",\"@id\":\"https:\/\/mastral.com\/fr\/noticias\/#breadcrumb\",\"itemListElement\":[{\"@type\":\"ListItem\",\"position\":1,\"item\":{\"@type\":\"WebPage\",\"@id\":\"https:\/\/mastral.com\/fr\/\",\"url\":\"https:\/\/mastral.com\/fr\/\",\"name\":\"Portada\"}},{\"@type\":\"ListItem\",\"position\":2,\"item\":{\"@type\":\"WebPage\",\"@id\":\"https:\/\/mastral.com\/fr\/noticias\/\",\"url\":\"https:\/\/mastral.com\/fr\/noticias\/\",\"name\":\"News\"}}]}]}<\/script>\n<!-- \/ Yoast SEO plugin. -->","_links":{"self":[{"href":"https:\/\/mastral.com\/fr\/wp-json\/wp\/v2\/pages\/2651"}],"collection":[{"href":"https:\/\/mastral.com\/fr\/wp-json\/wp\/v2\/pages"}],"about":[{"href":"https:\/\/mastral.com\/fr\/wp-json\/wp\/v2\/types\/page"}],"author":[{"embeddable":true,"href":"https:\/\/mastral.com\/fr\/wp-json\/wp\/v2\/users\/1"}],"replies":[{"embeddable":true,"href":"https:\/\/mastral.com\/fr\/wp-json\/wp\/v2\/comments?post=2651"}],"version-history":[{"count":2,"href":"https:\/\/mastral.com\/fr\/wp-json\/wp\/v2\/pages\/2651\/revisions"}],"predecessor-version":[{"id":2653,"href":"https:\/\/mastral.com\/fr\/wp-json\/wp\/v2\/pages\/2651\/revisions\/2653"}],"wp:attachment":[{"href":"https:\/\/mastral.com\/fr\/wp-json\/wp\/v2\/media?parent=2651"}],"curies":[{"name":"wp","href":"https:\/\/api.w.org\/{rel}","templated":true}]}}