{"id":2643,"date":"2015-02-03T20:15:21","date_gmt":"2015-02-03T20:15:21","guid":{"rendered":"http:\/\/mastral.dinaninformatica.es\/precios\/"},"modified":"2023-04-18T17:04:23","modified_gmt":"2023-04-18T17:04:23","slug":"precios","status":"publish","type":"page","link":"https:\/\/mastral.com\/fr\/precios\/","title":{"rendered":"Prix"},"content":{"rendered":"<div class=\"fusion-fullwidth fullwidth-box fusion-builder-row-1 nonhundred-percent-fullwidth non-hundred-percent-height-scrolling\" style=\"background-color: rgba(255,255,255,0);background-position: center center;background-repeat: no-repeat;padding-top:0px;padding-right:0px;padding-bottom:0px;padding-left:0px;margin-bottom: 0px;margin-top: 0px;border-width: 0px 0px 0px 0px;border-color:#eae9e9;border-style:solid;\" ><div class=\"fusion-builder-row fusion-row\"><div class=\"fusion-layout-column fusion_builder_column fusion-builder-column-0 fusion_builder_column_1_1 1_1 fusion-one-full fusion-column-first fusion-column-last\" style=\"margin-top:0px;margin-bottom:20px;\"><div class=\"fusion-column-wrapper fusion-flex-column-wrapper-legacy\" style=\"background-position:left top;background-repeat:no-repeat;-webkit-background-size:cover;-moz-background-size:cover;-o-background-size:cover;background-size:cover;padding: 0px 0px 0px 0px;\">\n<div class=\"table-2\">\n<table width=\"100%\">\n<thead>\n<tr>\n<th align=\"left\"><\/th>\n<th align=\"left\">\n<p style=\"text-align: center;\">Appartement 1 Dortoir<\/p>\n<p style=\"text-align: center;\">2 personnes<\/p>\n<\/th>\n<th align=\"left\">\n<p style=\"text-align: center;\">Appartement 2 Dortoir<\/p>\n<p style=\"text-align: center;\">4 personnes<\/p>\n<\/th>\n<th align=\"left\">\n<p style=\"text-align: center;\">Bungalow 2 Dortoir<\/p>\n<p style=\"text-align: center;\">4 personnes<\/p>\n<\/th>\n<\/tr>\n<\/thead>\n<tbody>\n<tr>\n<td align=\"left\"><strong>SAISON<\/strong><\/td>\n<td style=\"text-align: center;\" align=\"left\"><strong>HAUT<\/strong><\/td>\n<td style=\"text-align: center;\" align=\"left\"><strong>HAUT<\/strong><\/td>\n<td style=\"text-align: center;\" align=\"left\"><strong>HAUT<\/strong><\/td>\n<\/tr>\n<tr>\n<td align=\"left\"><strong>Nuit<\/strong><\/td>\n<td style=\"text-align: center;\" align=\"left\">100\u20ac<\/td>\n<td style=\"text-align: center;\" align=\"left\">140\u20ac<\/td>\n<td style=\"text-align: center;\" align=\"left\">170\u20ac<\/td>\n<\/tr>\n<tr>\n<td align=\"left\"><strong>Week-end<\/strong><\/td>\n<td style=\"text-align: center;\" align=\"left\">200\u20ac<\/td>\n<td style=\"text-align: center;\" align=\"left\">280\u20ac<\/td>\n<td style=\"text-align: center;\" align=\"left\">340\u20ac<\/td>\n<\/tr>\n<tr>\n<td align=\"left\"><strong>Semaine<\/strong><\/td>\n<td style=\"text-align: center;\" align=\"left\">700\u20ac<\/td>\n<td style=\"text-align: center;\" align=\"left\">980\u20ac<\/td>\n<td style=\"text-align: center;\" align=\"left\">1190\u20ac<\/td>\n<\/tr>\n<tr>\n<td align=\"left\"><strong>Quinzaine<\/strong><\/td>\n<td style=\"text-align: center;\" align=\"left\">1500\u20ac<\/td>\n<td style=\"text-align: center;\" align=\"left\">2100\u20ac<\/td>\n<td style=\"text-align: center;\" align=\"left\">2550\u20ac<\/td>\n<\/tr>\n<tr>\n<td align=\"left\"><strong>Mois<\/strong><\/td>\n<td style=\"text-align: center;\" align=\"left\">3000\u20ac<\/td>\n<td style=\"text-align: center;\" align=\"left\">4200\u20ac<\/td>\n<td style=\"text-align: center;\" align=\"left\">5100\u20ac<\/td>\n<\/tr>\n<\/tbody>\n<\/table>\n<p style=\"text-align: center;\">*Personne suppl\u00e9mentaire Concultenos\/animaux domestiques autoris\u00e9s<\/p>\n<p><strong>HAUTE SAISON:<\/strong> P\u00e2ques, 1er juin &#8211; 30 septembre, 21 d\u00e9cembre &#8211; 7 janvier, longs week-ends et jours f\u00e9ri\u00e9s locaux.<\/p>\n<p><strong>BASSE SAISON:<\/strong> Resto del a\u00f1o. Para los precios, consultarnos.<\/p>\n<\/div>\n<div class=\"fusion-clearfix\"><\/div><\/div><\/div><\/div><\/div>\n","protected":false},"excerpt":{"rendered":"","protected":false},"author":1,"featured_media":0,"parent":0,"menu_order":0,"comment_status":"open","ping_status":"open","template":"100-width.php","meta":[],"yoast_head":"<!-- This site is optimized with the Yoast SEO plugin v16.1.1 - https:\/\/yoast.com\/wordpress\/plugins\/seo\/ -->\n<title>Prix | Molino El Mastral | Casa Rural en Tarifa<\/title>\n<link rel=\"canonical\" href=\"https:\/\/mastral.com\/fr\/precios\/\" \/>\n<meta property=\"og:locale\" content=\"fr_FR\" \/>\n<meta property=\"og:type\" content=\"article\" \/>\n<meta property=\"og:title\" content=\"Prix | Molino El Mastral | Casa Rural en Tarifa\" \/>\n<meta property=\"og:url\" content=\"https:\/\/mastral.com\/fr\/precios\/\" \/>\n<meta property=\"og:site_name\" content=\"Molino El Mastral | Casa Rural en Tarifa\" \/>\n<meta property=\"article:modified_time\" content=\"2023-04-18T17:04:23+00:00\" \/>\n<meta name=\"twitter:card\" content=\"summary_large_image\" \/>\n<meta name=\"twitter:label1\" content=\"Dur\u00e9e de lecture est.\">\n\t<meta name=\"twitter:data1\" content=\"1 minute\">\n<script type=\"application\/ld+json\" class=\"yoast-schema-graph\">{\"@context\":\"https:\/\/schema.org\",\"@graph\":[{\"@type\":\"Organization\",\"@id\":\"https:\/\/mastral.com\/#organization\",\"name\":\"Molino el Mastral\",\"url\":\"https:\/\/mastral.com\/\",\"sameAs\":[\"https:\/\/www.instagram.com\/molinoelmastral5\/\"],\"logo\":{\"@type\":\"ImageObject\",\"@id\":\"https:\/\/mastral.com\/#logo\",\"inLanguage\":\"fr-FR\",\"url\":\"https:\/\/mastral.com\/wp-content\/uploads\/2019\/12\/logox2.png\",\"contentUrl\":\"https:\/\/mastral.com\/wp-content\/uploads\/2019\/12\/logox2.png\",\"width\":398,\"height\":238,\"caption\":\"Molino el Mastral\"},\"image\":{\"@id\":\"https:\/\/mastral.com\/#logo\"}},{\"@type\":\"WebSite\",\"@id\":\"https:\/\/mastral.com\/#website\",\"url\":\"https:\/\/mastral.com\/\",\"name\":\"Molino El Mastral | Casa Rural en Tarifa\",\"description\":\"Casa Rural en Tarifa\",\"publisher\":{\"@id\":\"https:\/\/mastral.com\/#organization\"},\"potentialAction\":[{\"@type\":\"SearchAction\",\"target\":\"https:\/\/mastral.com\/?s={search_term_string}\",\"query-input\":\"required name=search_term_string\"}],\"inLanguage\":\"fr-FR\"},{\"@type\":\"WebPage\",\"@id\":\"https:\/\/mastral.com\/fr\/precios\/#webpage\",\"url\":\"https:\/\/mastral.com\/fr\/precios\/\",\"name\":\"Prix | Molino El Mastral | Casa Rural en Tarifa\",\"isPartOf\":{\"@id\":\"https:\/\/mastral.com\/#website\"},\"datePublished\":\"2015-02-03T20:15:21+00:00\",\"dateModified\":\"2023-04-18T17:04:23+00:00\",\"breadcrumb\":{\"@id\":\"https:\/\/mastral.com\/fr\/precios\/#breadcrumb\"},\"inLanguage\":\"fr-FR\",\"potentialAction\":[{\"@type\":\"ReadAction\",\"target\":[\"https:\/\/mastral.com\/fr\/precios\/\"]}]},{\"@type\":\"BreadcrumbList\",\"@id\":\"https:\/\/mastral.com\/fr\/precios\/#breadcrumb\",\"itemListElement\":[{\"@type\":\"ListItem\",\"position\":1,\"item\":{\"@type\":\"WebPage\",\"@id\":\"https:\/\/mastral.com\/fr\/\",\"url\":\"https:\/\/mastral.com\/fr\/\",\"name\":\"Portada\"}},{\"@type\":\"ListItem\",\"position\":2,\"item\":{\"@type\":\"WebPage\",\"@id\":\"https:\/\/mastral.com\/fr\/precios\/\",\"url\":\"https:\/\/mastral.com\/fr\/precios\/\",\"name\":\"Prix\"}}]}]}<\/script>\n<!-- \/ Yoast SEO plugin. -->","_links":{"self":[{"href":"https:\/\/mastral.com\/fr\/wp-json\/wp\/v2\/pages\/2643"}],"collection":[{"href":"https:\/\/mastral.com\/fr\/wp-json\/wp\/v2\/pages"}],"about":[{"href":"https:\/\/mastral.com\/fr\/wp-json\/wp\/v2\/types\/page"}],"author":[{"embeddable":true,"href":"https:\/\/mastral.com\/fr\/wp-json\/wp\/v2\/users\/1"}],"replies":[{"embeddable":true,"href":"https:\/\/mastral.com\/fr\/wp-json\/wp\/v2\/comments?post=2643"}],"version-history":[{"count":5,"href":"https:\/\/mastral.com\/fr\/wp-json\/wp\/v2\/pages\/2643\/revisions"}],"predecessor-version":[{"id":2916,"href":"https:\/\/mastral.com\/fr\/wp-json\/wp\/v2\/pages\/2643\/revisions\/2916"}],"wp:attachment":[{"href":"https:\/\/mastral.com\/fr\/wp-json\/wp\/v2\/media?parent=2643"}],"curies":[{"name":"wp","href":"https:\/\/api.w.org\/{rel}","templated":true}]}}